{"id":218,"date":"2023-03-08T08:09:19","date_gmt":"2023-03-08T07:09:19","guid":{"rendered":"https:\/\/grupaunitel.pl\/mx5cup\/?page_id=218"},"modified":"2023-03-15T10:30:30","modified_gmt":"2023-03-15T09:30:30","slug":"sponsorzypartnerzy","status":"publish","type":"page","link":"https:\/\/grupaunitel.pl\/mx5cup\/sponsorzypartnerzy\/","title":{"rendered":"Sponsorzy &#038; partnerzy"},"content":{"rendered":"\n<section class=\"text\">\n    <div class=\"container\">\n        <div class=\"row\">\n            <div class=\"col-12\">\n                <p><a href=\"https:\/\/www.hankooktire.com\/pl\" target=\"_blank\" rel=\"noopener\"><img loading=\"lazy\" decoding=\"async\" class=\"alignnone wp-image-166 size-full\" src=\"https:\/\/grupaunitel.pl\/mx5cup\/wp-content\/uploads\/2023\/03\/hankook_logo.png\" alt=\"\" width=\"185\" height=\"45\" \/><\/a><\/p>\n<p>Aby podkre\u015bli\u0107 ka\u017cdy moment mobilno\u015bci, by\u0107 zachwyconym i optymistycznym, do\u015bwiadcza\u0107 najnowszych technologii mobilno\u015bci i by\u0107 \u015bwiadkiem niewiarygodnych mo\u017cliwo\u015bci technologicznych, aby wra\u017cenia z jazdy naszych klient\u00f3w nabra\u0142y nowej dynamiki w przysz\u0142o\u015bci, dzi\u0119ki naszej zaawansowanej technologii, kt\u00f3ra integruje wszystkie najlepsze w swojej klasie technologie oponiarskie, pozostajemy o krok do przodu i przedstawiamy wizj\u0119 jazdy w przysz\u0142o\u015bci, kt\u00f3r\u0105 do tej pory tylko sobie wyobra\u017cali\u015bmy. B\u0119dziemy prowadzi\u0107 niestrudzone badania, toczy\u0107 nieustraszon\u0105 walk\u0119 i wprowadza\u0107 \u015bmia\u0142e innowacje, aby opracowywa\u0107 zaawansowane technologie, kt\u00f3re zdefiniuj\u0105 \u015bwiatow\u0105 bran\u017c\u0119 mobilno\u015bci.<\/p>\n            <\/div>\n        <\/div>\n    <\/div>\n<\/section>\n\n\n\n\n<section class=\"text\">\n    <div class=\"container\">\n        <div class=\"row\">\n            <div class=\"col-12\">\n                <p><a href=\"https:\/\/www.mazda.pl\" target=\"_blank\" rel=\"noopener\"><img loading=\"lazy\" decoding=\"async\" class=\"alignnone wp-image-167 size-full\" src=\"https:\/\/grupaunitel.pl\/mx5cup\/wp-content\/uploads\/2023\/03\/mazda.png\" alt=\"\" width=\"49\" height=\"45\" \/><\/a><\/p>\n<p>Mazda to niezawodne, japo\u0144skie technologie. Nasze flagowe modele &#8211; Mazda MX-5, Mazda 6, Mazda CX-30, s\u0105 projektowane i produkowane w Japonii. Od lat Mazda znajduje si\u0119 w czo\u0142\u00f3wkach ranking\u00f3w najbardziej niezawodnych samochod\u00f3w na \u015bwiecie. Duch rywalizacji i warto\u015bci b\u0119d\u0105ce naszym dziedzictwem, nap\u0119dzaj\u0105 nas do tworzenia samochod\u00f3w o najwy\u017cszej jako\u015bci i niezawodno\u015bci.<\/p>\n            <\/div>\n        <\/div>\n    <\/div>\n<\/section>\n\n","protected":false},"excerpt":{"rendered":"","protected":false},"author":4,"featured_media":0,"parent":0,"menu_order":0,"comment_status":"closed","ping_status":"closed","template":"","meta":{"footnotes":""},"class_list":["post-218","page","type-page","status-publish","hentry"],"acf":[],"_links":{"self":[{"href":"https:\/\/grupaunitel.pl\/mx5cup\/wp-json\/wp\/v2\/pages\/218","targetHints":{"allow":["GET"]}}],"collection":[{"href":"https:\/\/grupaunitel.pl\/mx5cup\/wp-json\/wp\/v2\/pages"}],"about":[{"href":"https:\/\/grupaunitel.pl\/mx5cup\/wp-json\/wp\/v2\/types\/page"}],"author":[{"embeddable":true,"href":"https:\/\/grupaunitel.pl\/mx5cup\/wp-json\/wp\/v2\/users\/4"}],"replies":[{"embeddable":true,"href":"https:\/\/grupaunitel.pl\/mx5cup\/wp-json\/wp\/v2\/comments?post=218"}],"version-history":[{"count":0,"href":"https:\/\/grupaunitel.pl\/mx5cup\/wp-json\/wp\/v2\/pages\/218\/revisions"}],"wp:attachment":[{"href":"https:\/\/grupaunitel.pl\/mx5cup\/wp-json\/wp\/v2\/media?parent=218"}],"curies":[{"name":"wp","href":"https:\/\/api.w.org\/{rel}","templated":true}]}}