{"id":446,"date":"2023-06-14T13:35:45","date_gmt":"2023-06-14T11:35:45","guid":{"rendered":"https:\/\/grupaunitel.pl\/mx5cup\/?page_id=446"},"modified":"2023-06-14T13:36:33","modified_gmt":"2023-06-14T11:36:33","slug":"organizacja-eventow","status":"publish","type":"page","link":"https:\/\/grupaunitel.pl\/mx5cup\/organizacja-eventow\/","title":{"rendered":"Organizacja event\u00f3w"},"content":{"rendered":"\n<section class=\"text\">\n    <div class=\"container\">\n        <div class=\"row\">\n            <div class=\"col-12\">\n                <p><span data-sheets-formula-bar-text-style=\"font-size:15px;color:#000000;font-weight:normal;text-decoration:none;font-family:'docs-Calibri';font-style:normal;text-decoration-skip-ink:none;\">Bazuj\u0105c na do\u015bwiadczeniu zebranym podczas organizacji Pucharu Mazda MX-5 Cup Poland, \u015bwiadczymy us\u0142ugi zwi\u0105zane z organizacj\u0105 event\u00f3w i szkole\u0144 dla firm &#8211; nie tylko w tematyce motorsportowej. Jeste\u015bmy w stanie zrealizowa\u0107 najbardziej szalone pomys\u0142y i zaspokoi\u0107 najbardziej wyszukane gusta. Je\u015bli s\u0105 Pa\u0144stwo zainteresowani otrzymaniem oferty, zapraszamy do kontaktu. <\/span><\/p>\n            <\/div>\n        <\/div>\n    <\/div>\n<\/section>","protected":false},"excerpt":{"rendered":"","protected":false},"author":3,"featured_media":0,"parent":0,"menu_order":0,"comment_status":"closed","ping_status":"closed","template":"","meta":{"footnotes":""},"class_list":["post-446","page","type-page","status-publish","hentry"],"acf":[],"_links":{"self":[{"href":"https:\/\/grupaunitel.pl\/mx5cup\/wp-json\/wp\/v2\/pages\/446","targetHints":{"allow":["GET"]}}],"collection":[{"href":"https:\/\/grupaunitel.pl\/mx5cup\/wp-json\/wp\/v2\/pages"}],"about":[{"href":"https:\/\/grupaunitel.pl\/mx5cup\/wp-json\/wp\/v2\/types\/page"}],"author":[{"embeddable":true,"href":"https:\/\/grupaunitel.pl\/mx5cup\/wp-json\/wp\/v2\/users\/3"}],"replies":[{"embeddable":true,"href":"https:\/\/grupaunitel.pl\/mx5cup\/wp-json\/wp\/v2\/comments?post=446"}],"version-history":[{"count":0,"href":"https:\/\/grupaunitel.pl\/mx5cup\/wp-json\/wp\/v2\/pages\/446\/revisions"}],"wp:attachment":[{"href":"https:\/\/grupaunitel.pl\/mx5cup\/wp-json\/wp\/v2\/media?parent=446"}],"curies":[{"name":"wp","href":"https:\/\/api.w.org\/{rel}","templated":true}]}}