{"id":485,"date":"2023-06-14T14:02:01","date_gmt":"2023-06-14T12:02:01","guid":{"rendered":"https:\/\/grupaunitel.pl\/mx5cup\/?page_id=485"},"modified":"2023-06-14T14:02:06","modified_gmt":"2023-06-14T12:02:06","slug":"calendar","status":"publish","type":"page","link":"https:\/\/grupaunitel.pl\/mx5cup\/en\/calendar\/","title":{"rendered":"Calendar"},"content":{"rendered":"\n<section class=\"text\">\n    <div class=\"container\">\n        <div class=\"row\">\n            <div class=\"col-12\">\n                <h2>ESRT I ETEC<\/h2>\n<p>Due to reasons beyond the Organizer&#8217;s control, the Cup in the 2023 season will not start. See you in the 2024 season.<\/p>\n            <\/div>\n        <\/div>\n    <\/div>\n<\/section>\n\n\n\n\n<section class=\"calendar\">\n    <div class=\"container\">\n       <div class=\"terms\">\n                <div class=\"term\">\n         <div class=\"wrapper justify-content-center\">\n            <div class=\"date text-center\">\n                <p>19.05.2023<\/p>\n                <p>&#8211;<\/p>\n                <p>21.05.2023<\/p>\n            <\/div>\n            <div class=\"description\">\n                <p><p>1. i 2. runda Pucharu (WSMP)<br \/>\nTor Pozna\u0144, Polska<\/p>\n<\/p>\n            <\/div>\n        <\/div>\n         <\/div>\n                 <div class=\"term\">\n         <div class=\"wrapper justify-content-center\">\n            <div class=\"date text-center\">\n                <p>24.06.2023<\/p>\n                <p>&#8211;<\/p>\n                <p>26.06.2023<\/p>\n            <\/div>\n            <div class=\"description\">\n                <p><p>3. i 4. runda Pucharu (ETRC &#8211; wy\u015bcigi ci\u0119\u017car\u00f3wek)<br \/>\nTor Pozna\u0144, Polska<\/p>\n<\/p>\n            <\/div>\n        <\/div>\n         <\/div>\n                 <div class=\"term\">\n         <div class=\"wrapper justify-content-center\">\n            <div class=\"date text-center\">\n                <p>14.07.2023<\/p>\n                <p>&#8211;<\/p>\n                <p>16.07.2023<\/p>\n            <\/div>\n            <div class=\"description\">\n                <p><p>5. i 6. runda Pucharu (WSMP)<br \/>\nTor Pozna\u0144, Polska<\/p>\n<\/p>\n            <\/div>\n        <\/div>\n         <\/div>\n                 <div class=\"term\">\n         <div class=\"wrapper justify-content-center\">\n            <div class=\"date text-center\">\n                <p>18.08.2023<\/p>\n                <p>&#8211;<\/p>\n                <p>20.08.2023<\/p>\n            <\/div>\n            <div class=\"description\">\n                <p><p>7. i 8. runda Pucharu (WSMP)<br \/>\nSlovakiaring, S\u0142owacja<\/p>\n<\/p>\n            <\/div>\n        <\/div>\n         <\/div>\n                 <div class=\"term\">\n         <div class=\"wrapper justify-content-center\">\n            <div class=\"date text-center\">\n                <p>09.09.2023<\/p>\n                <p>&#8211;<\/p>\n                <p>10.09.2023<\/p>\n            <\/div>\n            <div class=\"description\">\n                <p><p>9. i 10. runda Pucharu (ESET Cup)<br \/>\nMasaryk Circuit Brno, Czechy<\/p>\n<\/p>\n            <\/div>\n        <\/div>\n         <\/div>\n                 <div class=\"term\">\n         <div class=\"wrapper justify-content-center\">\n            <div class=\"date text-center\">\n                <p>29.09.2023<\/p>\n                <p>&#8211;<\/p>\n                <p>01.10.2023<\/p>\n            <\/div>\n            <div class=\"description\">\n                <p><p>11. i 12. runda Pucharu (WSMP)<br \/>\nTor Pozna\u0144, Polska<\/p>\n<p>Uroczyste zako\u0144czenie Pucharu.<\/p>\n<\/p>\n            <\/div>\n        <\/div>\n         <\/div>\n               <\/div>\n    <\/div>\n<\/section>\n\n\n<section class=\"icons\">\n    <div class=\"container\">\n        <div class=\"row\">\n            <div class=\"col-12 text-center\">\n                <h2 class=\"section-title\">Tory<\/h2>\n            <\/div>\n        <\/div>\n        <div class=\"row\">\n                            <div class=\"col-lg-4\">\n                    <div class=\"image\">\n                        <img loading=\"lazy\" decoding=\"async\" width=\"261\" height=\"193\" src=\"https:\/\/grupaunitel.pl\/mx5cup\/wp-content\/uploads\/2023\/03\/Tor-Poznan.jpg\" class=\"attachment-full size-full\" alt=\"\" \/>                    <\/div>\n                    <div class=\"text\">\n                        <h5>Tor Pozna\u0144<\/h5>\n<p>d\u0142ugo\u015b\u0107 4083 m. 14 zakr\u0119t\u00f3w, w tym 6 prawych, 8 lewych<\/p>\n                    <\/div>\n                <\/div>\n                            <div class=\"col-lg-4\">\n                    <div class=\"image\">\n                        <img loading=\"lazy\" decoding=\"async\" width=\"1158\" height=\"732\" src=\"https:\/\/grupaunitel.pl\/mx5cup\/wp-content\/uploads\/2023\/03\/Tor-Brno.jpg\" class=\"attachment-full size-full\" alt=\"\" srcset=\"https:\/\/grupaunitel.pl\/mx5cup\/wp-content\/uploads\/2023\/03\/Tor-Brno.jpg 1158w, https:\/\/grupaunitel.pl\/mx5cup\/wp-content\/uploads\/2023\/03\/Tor-Brno-300x190.jpg 300w, https:\/\/grupaunitel.pl\/mx5cup\/wp-content\/uploads\/2023\/03\/Tor-Brno-1024x647.jpg 1024w, https:\/\/grupaunitel.pl\/mx5cup\/wp-content\/uploads\/2023\/03\/Tor-Brno-768x485.jpg 768w\" sizes=\"auto, (max-width: 1158px) 100vw, 1158px\" \/>                    <\/div>\n                    <div class=\"text\">\n                        <h5>Masaryk Circuit Brno<\/h5>\n<p>d\u0142ugo\u015b\u0107 5403 m, 14 zakr\u0119t\u00f3w, w tym 8 prawych i 6 lewych. Przewy\u017cszenie 74 m<\/p>\n                    <\/div>\n                <\/div>\n                            <div class=\"col-lg-4\">\n                    <div class=\"image\">\n                        <img loading=\"lazy\" decoding=\"async\" width=\"480\" height=\"360\" src=\"https:\/\/grupaunitel.pl\/mx5cup\/wp-content\/uploads\/2023\/03\/Slovakia-Ring.jpg\" class=\"attachment-full size-full\" alt=\"\" srcset=\"https:\/\/grupaunitel.pl\/mx5cup\/wp-content\/uploads\/2023\/03\/Slovakia-Ring.jpg 480w, https:\/\/grupaunitel.pl\/mx5cup\/wp-content\/uploads\/2023\/03\/Slovakia-Ring-300x225.jpg 300w\" sizes=\"auto, (max-width: 480px) 100vw, 480px\" \/>                    <\/div>\n                    <div class=\"text\">\n                        <h5>SlovakiaRing<\/h5>\n<p>d\u0142ugo\u015b\u0107 5922 m, 14 zakr\u0119t\u00f3w, w tym 7 prawych i 7 lewych.<\/p>\n                    <\/div>\n                <\/div>\n                    <\/div>\n    <\/div>\n<\/section>\n\n\n<section class=\"text\">\n    <div class=\"container\">\n        <div class=\"row\">\n            <div class=\"col-12\">\n                <h2 style=\"text-align: center; color: #eb6161;\"><a href=\"#\">Pobierz kalendarz<\/a><\/h2>\n            <\/div>\n        <\/div>\n    <\/div>\n<\/section>\n\n\n<div style=\"height:50px\" aria-hidden=\"true\" class=\"wp-block-spacer\"><\/div>\n","protected":false},"excerpt":{"rendered":"","protected":false},"author":3,"featured_media":0,"parent":0,"menu_order":0,"comment_status":"closed","ping_status":"closed","template":"","meta":{"footnotes":""},"class_list":["post-485","page","type-page","status-publish","hentry"],"acf":[],"_links":{"self":[{"href":"https:\/\/grupaunitel.pl\/mx5cup\/wp-json\/wp\/v2\/pages\/485","targetHints":{"allow":["GET"]}}],"collection":[{"href":"https:\/\/grupaunitel.pl\/mx5cup\/wp-json\/wp\/v2\/pages"}],"about":[{"href":"https:\/\/grupaunitel.pl\/mx5cup\/wp-json\/wp\/v2\/types\/page"}],"author":[{"embeddable":true,"href":"https:\/\/grupaunitel.pl\/mx5cup\/wp-json\/wp\/v2\/users\/3"}],"replies":[{"embeddable":true,"href":"https:\/\/grupaunitel.pl\/mx5cup\/wp-json\/wp\/v2\/comments?post=485"}],"version-history":[{"count":0,"href":"https:\/\/grupaunitel.pl\/mx5cup\/wp-json\/wp\/v2\/pages\/485\/revisions"}],"wp:attachment":[{"href":"https:\/\/grupaunitel.pl\/mx5cup\/wp-json\/wp\/v2\/media?parent=485"}],"curies":[{"name":"wp","href":"https:\/\/api.w.org\/{rel}","templated":true}]}}