{"id":506,"date":"2023-08-18T09:32:10","date_gmt":"2023-08-18T07:32:10","guid":{"rendered":"https:\/\/grupaunitel.pl\/mx5cup\/?page_id=506"},"modified":"2023-08-18T09:49:52","modified_gmt":"2023-08-18T07:49:52","slug":"oferta-sprzedazy","status":"publish","type":"page","link":"https:\/\/grupaunitel.pl\/mx5cup\/oferta-sprzedazy\/","title":{"rendered":"Oferta sprzeda\u017cy"},"content":{"rendered":"\n<section class=\"image-text\">\n    <div class=\"container\">\n        <div class=\"row align-items-center\">\n            <div class=\"col-lg-5\">\n                <div class=\"image square\">\n                    <div class=\"content\">\n                    <img loading=\"lazy\" decoding=\"async\" width=\"1536\" height=\"2048\" src=\"https:\/\/grupaunitel.pl\/mx5cup\/wp-content\/uploads\/2023\/08\/Mazda-MX-5-Cup-4.jpg\" class=\"attachment-full size-full\" alt=\"\" srcset=\"https:\/\/grupaunitel.pl\/mx5cup\/wp-content\/uploads\/2023\/08\/Mazda-MX-5-Cup-4.jpg 1536w, https:\/\/grupaunitel.pl\/mx5cup\/wp-content\/uploads\/2023\/08\/Mazda-MX-5-Cup-4-225x300.jpg 225w, https:\/\/grupaunitel.pl\/mx5cup\/wp-content\/uploads\/2023\/08\/Mazda-MX-5-Cup-4-768x1024.jpg 768w, https:\/\/grupaunitel.pl\/mx5cup\/wp-content\/uploads\/2023\/08\/Mazda-MX-5-Cup-4-1152x1536.jpg 1152w\" sizes=\"auto, (max-width: 1536px) 100vw, 1536px\" \/>                    <\/div>\n                <\/div>\n            <\/div>\n            <div class=\"col-lg-6 offset-lg-1\">\n                <h2>Oferujemy na sprzeda\u017c samochody w specyfikacji seryjnej.<\/h2>\n<p>&nbsp;<\/p>\n<p>Mazda MX5-ND-2 Roadster wyprodukowana marcu 2021 roku. Samochody wyposa\u017cone w silnik Mazda 2.0 L SkyActiv-G (PE-VPS) DOHC I4 1998 cm3, manualn\u0105 skrzyni\u0119 bieg\u00f3w 6-speed SkyActiv-MT i tylny dyferencja\u0142 z uk\u0142adem LSD o prze\u0142o\u017ceniu 2.866. Do\u0142o\u017cono ch\u0142odzenie silnika, skrzyni i dyferencja\u0142u. Silnik, skrzynia i dyfer seryjne.<\/p>\n            <\/div>\n        <\/div>\n    <\/div>\n<\/section>\n\n\n<section class=\"text\">\n    <div class=\"container\">\n        <div class=\"row\">\n            <div class=\"col-12\">\n                <p>Oferujemy na sprzeda\u017c samochody w specyfikacji seryjnej Mazda MX5-ND-2 Roadster wyprodukowana marcu 2021 roku. Samochody wyposa\u017cone w silnik Mazda 2.0 L SkyActiv-G (PE-VPS) DOHC I4 1998 cm3, manualn\u0105 skrzyni\u0119 bieg\u00f3w 6-speed SkyActiv-MT i tylny dyferencja\u0142 z uk\u0142adem LSD o prze\u0142o\u017ceniu 2.866. Do\u0142o\u017cono ch\u0142odzenie silnika, skrzyni i dyferencja\u0142u. Silnik, skrzynia i dyfer seryjne.<\/p>\n<p><strong>Samoch\u00f3d jest prawie seryjny \ud83d\ude42 Zmiany to:<\/strong><\/p>\n<ul>\n<li>modyfikacje pod\u0142ogi po stronie kierowcy dla zamocowania wspornik\u00f3w fotela,<\/li>\n<li>demonta\u017c przednich reflektor\u00f3w i zastosowanie za\u015blepek,<\/li>\n<li>demonta\u017c przednich \u015bwiate\u0142 dziennych i zastosowanie element\u00f3w ch\u0142odzenia przednich hamulc\u00f3w,<\/li>\n<li>demonta\u017c szyb bocznych,<\/li>\n<li>demonta\u017c dachu,<\/li>\n<li>usuni\u0119cie fotela pasa\u017cera, wyk\u0142adzin i wyg\u0142usze\u0144, oraz mas bitumicznych z wn\u0119trza nadwozia<\/li>\n<li>modyfikacj\u0119 lub usuni\u0119cie mocowa\u0144 wewn\u0105trz nadwozia w celu poprowadzenia element\u00f3w klatki bezpiecze\u0144stwa,<\/li>\n<li>usuni\u0119cie niewykorzystywanych wspornik\u00f3w i wystaj\u0105cych trzpieni, tak \u017ceby nie by\u0142o ostrych kraw\u0119dzi,<\/li>\n<li>trwa\u0142e za\u015blepienie wszystkich otwor\u00f3w w nadwoziu,<\/li>\n<li>modyfikacj\u0119 deski rozdzielczej dla przeprowadzenia rur klatki bezpiecze\u0144stwa,<\/li>\n<li>demonta\u017c kompresora i pozosta\u0142ych element\u00f3w uk\u0142adu klimatyzacji,<\/li>\n<li>modyfikacja uk\u0142adu dolotowego,<\/li>\n<li>usuni\u0119cie obwod\u00f3w zb\u0119dnych odbiornik\u00f3w, takich jak: klimatyzacja, poduszki powietrzne, system audio, tylna wycieraczka,<\/li>\n<li>wymiana element\u00f3w zawieszenia na cz\u0119\u015bci firmy Hardrace o numerach : 8540, 8541, 7957, 7956, 8548, 8544, Q0682, amortyzatory i spr\u0119\u017cyny firmy Ohlins,<\/li>\n<li>zamontowanie dystans\u00f3w k\u00f3\u0142 o grubo\u015bci 20 mm,<\/li>\n<li>wymiana elastycznych przewod\u00f3w hamulcowych na przewody typu lotniczego,<\/li>\n<li>wymiana przednich zacisk\u00f3w hamulcowych na cz\u0119\u015bci firmy STOPTECH o numerze 83.556.GV00.A7,<\/li>\n<li>wymiana tarcz i klock\u00f3w hamulcowych na cz\u0119\u015bci firmy STOPTECH o numerach: tarcza lewa-126.45087SL, tarcza prawa-126.45087SR, klocki hamulcowe 309.11800,<\/li>\n<li>usuni\u0119cie os\u0142on tarcz hamulcowych przednich i tylnych,<\/li>\n<li>usuni\u0119cie blokady kierownicy.<\/li>\n<li>sze\u015bciopunktowe pasy bezpiecze\u0144stwa z homologacj\u0105 FIA,<\/li>\n<li>certyfikowana klatka bezpiecze\u0144stwa FIA,<\/li>\n<li>homologowany przez FIA system ga\u015bniczy,<\/li>\n<li>wy\u0142\u0105cznik elektryczny (przerwanie obwodu),<\/li>\n<li>siatka boczna i g\u00f3rna zamocowana do konstrukcji bezpiecze\u0144stwa,<\/li>\n<li>fotel sportowy z homologacj\u0105 FIA,<\/li>\n<li>przednie i tylne uchwyty do holowania.<\/li>\n<\/ul>\n<p><strong>Pe\u0142na homologacja FIA i ksi\u0105\u017cka samochodu sportowego. W zestawie:<\/strong><\/p>\n<ul>\n<li>dach z laminatu<\/li>\n<li>namiot 3x6m aluminiowy<\/li>\n<li>6 dodatkowych felg<\/li>\n<\/ul>\n<p><span class=\"btn btn-primary\">Cena 160 000 z\u0142 netto<\/span><\/p>\n<p><strong>Mo\u017cliwo\u015b\u0107 dokupienia: <\/strong><\/p>\n<ul>\n<li>nowy opon wet Hankooka (180 EUR netto\/szt.)<\/li>\n<li>u\u017cywanych opon slick Hankooka (100 EUR netto\/szt.)<\/li>\n<li>wy\u015bwietlacz ADU Ecu-Master (4000 z\u0142 netto)<\/li>\n<li>klock\u00f3w, tarcz i innych element\u00f3w eksploatacyjnych.<\/li>\n<\/ul>\n            <\/div>\n        <\/div>\n    <\/div>\n<\/section>\n\n\n<div style=\"height:60px\" aria-hidden=\"true\" class=\"wp-block-spacer\"><\/div>\n\n\n\n<figure class=\"wp-block-gallery has-nested-images columns-4 is-cropped container wp-block-gallery-1 is-layout-flex wp-block-gallery-is-layout-flex\">\n<figure class=\"wp-block-image size-large is-style-default\"><img loading=\"lazy\" decoding=\"async\" width=\"768\" height=\"1024\" data-id=\"507\" src=\"https:\/\/grupaunitel.pl\/mx5cup\/wp-content\/uploads\/2023\/08\/Mazda-MX-5-Cup-4-768x1024.jpg\" alt=\"\" class=\"wp-image-507\" srcset=\"https:\/\/grupaunitel.pl\/mx5cup\/wp-content\/uploads\/2023\/08\/Mazda-MX-5-Cup-4-768x1024.jpg 768w, https:\/\/grupaunitel.pl\/mx5cup\/wp-content\/uploads\/2023\/08\/Mazda-MX-5-Cup-4-225x300.jpg 225w, https:\/\/grupaunitel.pl\/mx5cup\/wp-content\/uploads\/2023\/08\/Mazda-MX-5-Cup-4-1152x1536.jpg 1152w, https:\/\/grupaunitel.pl\/mx5cup\/wp-content\/uploads\/2023\/08\/Mazda-MX-5-Cup-4.jpg 1536w\" sizes=\"auto, (max-width: 768px) 100vw, 768px\" \/><\/figure>\n\n\n\n<figure class=\"wp-block-image size-large\"><img loading=\"lazy\" decoding=\"async\" width=\"1024\" height=\"768\" data-id=\"527\" src=\"https:\/\/grupaunitel.pl\/mx5cup\/wp-content\/uploads\/2023\/08\/Mazda-MX-5-Cup-14-1024x768.jpg\" alt=\"\" class=\"wp-image-527\" srcset=\"https:\/\/grupaunitel.pl\/mx5cup\/wp-content\/uploads\/2023\/08\/Mazda-MX-5-Cup-14-1024x768.jpg 1024w, https:\/\/grupaunitel.pl\/mx5cup\/wp-content\/uploads\/2023\/08\/Mazda-MX-5-Cup-14-300x225.jpg 300w, https:\/\/grupaunitel.pl\/mx5cup\/wp-content\/uploads\/2023\/08\/Mazda-MX-5-Cup-14-768x576.jpg 768w, https:\/\/grupaunitel.pl\/mx5cup\/wp-content\/uploads\/2023\/08\/Mazda-MX-5-Cup-14-1536x1152.jpg 1536w, https:\/\/grupaunitel.pl\/mx5cup\/wp-content\/uploads\/2023\/08\/Mazda-MX-5-Cup-14.jpg 2048w\" sizes=\"auto, (max-width: 1024px) 100vw, 1024px\" \/><\/figure>\n\n\n\n<figure class=\"wp-block-image size-large\"><img loading=\"lazy\" decoding=\"async\" width=\"768\" height=\"1024\" data-id=\"528\" src=\"https:\/\/grupaunitel.pl\/mx5cup\/wp-content\/uploads\/2023\/08\/Mazda-MX-5-Cup-11-768x1024.jpg\" alt=\"\" class=\"wp-image-528\" srcset=\"https:\/\/grupaunitel.pl\/mx5cup\/wp-content\/uploads\/2023\/08\/Mazda-MX-5-Cup-11-768x1024.jpg 768w, https:\/\/grupaunitel.pl\/mx5cup\/wp-content\/uploads\/2023\/08\/Mazda-MX-5-Cup-11-225x300.jpg 225w, https:\/\/grupaunitel.pl\/mx5cup\/wp-content\/uploads\/2023\/08\/Mazda-MX-5-Cup-11-1152x1536.jpg 1152w, https:\/\/grupaunitel.pl\/mx5cup\/wp-content\/uploads\/2023\/08\/Mazda-MX-5-Cup-11.jpg 1536w\" sizes=\"auto, (max-width: 768px) 100vw, 768px\" \/><\/figure>\n\n\n\n<figure class=\"wp-block-image size-large\"><img loading=\"lazy\" decoding=\"async\" width=\"768\" height=\"1024\" data-id=\"529\" src=\"https:\/\/grupaunitel.pl\/mx5cup\/wp-content\/uploads\/2023\/08\/Mazda-MX-5-Cup-12-768x1024.jpg\" alt=\"\" class=\"wp-image-529\" srcset=\"https:\/\/grupaunitel.pl\/mx5cup\/wp-content\/uploads\/2023\/08\/Mazda-MX-5-Cup-12-768x1024.jpg 768w, https:\/\/grupaunitel.pl\/mx5cup\/wp-content\/uploads\/2023\/08\/Mazda-MX-5-Cup-12-225x300.jpg 225w, https:\/\/grupaunitel.pl\/mx5cup\/wp-content\/uploads\/2023\/08\/Mazda-MX-5-Cup-12-1152x1536.jpg 1152w, https:\/\/grupaunitel.pl\/mx5cup\/wp-content\/uploads\/2023\/08\/Mazda-MX-5-Cup-12.jpg 1536w\" sizes=\"auto, (max-width: 768px) 100vw, 768px\" \/><\/figure>\n<\/figure>\n","protected":false},"excerpt":{"rendered":"","protected":false},"author":3,"featured_media":0,"parent":0,"menu_order":0,"comment_status":"closed","ping_status":"closed","template":"","meta":{"footnotes":""},"class_list":["post-506","page","type-page","status-publish","hentry"],"acf":[],"_links":{"self":[{"href":"https:\/\/grupaunitel.pl\/mx5cup\/wp-json\/wp\/v2\/pages\/506","targetHints":{"allow":["GET"]}}],"collection":[{"href":"https:\/\/grupaunitel.pl\/mx5cup\/wp-json\/wp\/v2\/pages"}],"about":[{"href":"https:\/\/grupaunitel.pl\/mx5cup\/wp-json\/wp\/v2\/types\/page"}],"author":[{"embeddable":true,"href":"https:\/\/grupaunitel.pl\/mx5cup\/wp-json\/wp\/v2\/users\/3"}],"replies":[{"embeddable":true,"href":"https:\/\/grupaunitel.pl\/mx5cup\/wp-json\/wp\/v2\/comments?post=506"}],"version-history":[{"count":0,"href":"https:\/\/grupaunitel.pl\/mx5cup\/wp-json\/wp\/v2\/pages\/506\/revisions"}],"wp:attachment":[{"href":"https:\/\/grupaunitel.pl\/mx5cup\/wp-json\/wp\/v2\/media?parent=506"}],"curies":[{"name":"wp","href":"https:\/\/api.w.org\/{rel}","templated":true}]}}