{"id":77,"date":"2021-06-28T12:15:24","date_gmt":"2021-06-28T10:15:24","guid":{"rendered":"https:\/\/grupaunitel.pl\/mx5cup\/?page_id=77"},"modified":"2023-03-15T09:57:49","modified_gmt":"2023-03-15T08:57:49","slug":"wyniki","status":"publish","type":"page","link":"https:\/\/grupaunitel.pl\/mx5cup\/wyniki\/","title":{"rendered":"Wyniki"},"content":{"rendered":"\n<section class=\"text\">\n    <div class=\"container\">\n        <div class=\"row\">\n            <div class=\"col-12\">\n                <h3>SEZON 2021 PODIUM<\/h3>\n<figure class=\"wp-block-table is-style-stripes\">\n<table>\n<thead>\n<tr>\n<th>Lp.<\/th>\n<th>Nr<\/th>\n<th>Nazwisko Imi\u0119<\/th>\n<th>Klub<\/th>\n<th>Pkt<\/th>\n<\/tr>\n<\/thead>\n<tbody>\n<tr>\n<td>1<\/td>\n<td>333<\/td>\n<td>WIERZBICKI Nikodem<\/td>\n<td>A. Wielkopolski<\/td>\n<td>190<\/td>\n<\/tr>\n<tr>\n<td>2<\/td>\n<td>075<\/td>\n<td>CZACZYK Konrad<\/td>\n<td>A. Wroc\u0142awski<\/td>\n<td>148<\/td>\n<\/tr>\n<tr>\n<td>3<\/td>\n<td>045<\/td>\n<td>CICHOPEK Jacek<\/td>\n<td>A. Wielkopolski<\/td>\n<td>127<\/td>\n<\/tr>\n<\/tbody>\n<\/table>\n<\/figure>\n            <\/div>\n        <\/div>\n    <\/div>\n<\/section>\n\n\n\n\n<section class=\"text\">\n    <div class=\"container\">\n        <div class=\"row\">\n            <div class=\"col-12\">\n                <h3>SEZON 2021 KLASYFIKACJA<\/h3>\n<figure class=\"wp-block-table is-style-stripes\">\n<table>\n<thead>\n<tr>\n<th>Lp.<\/th>\n<th>Nr<\/th>\n<th>Nazwisko Imi\u0119<\/th>\n<th>Klub<\/th>\n<th>Pkt<\/th>\n<\/tr>\n<\/thead>\n<tbody>\n<tr>\n<td>1<\/td>\n<td>075<\/td>\n<td>RATAJCZAK Krzysztof<\/td>\n<td>A. Wielkopolski<\/td>\n<td>150<\/td>\n<\/tr>\n<tr>\n<td>2<\/td>\n<td>035<\/td>\n<td>FEDDER Marcin<\/td>\n<td>A. Wielkopolski<\/td>\n<td>102<\/td>\n<\/tr>\n<tr>\n<td>3<\/td>\n<td>045<\/td>\n<td>GRZYBOWSKI Grzegorz<\/td>\n<td>A. Wielkopolski<\/td>\n<td>58<\/td>\n<\/tr>\n<tr>\n<td>4<\/td>\n<td>055<\/td>\n<td>BY\u015aKINIEWICZ \u0141ukasz<\/td>\n<td>A. Polski<\/td>\n<td>33<\/td>\n<\/tr>\n<tr>\n<td>5<\/td>\n<td>015<\/td>\n<td>SIADKOWSKI Marcin<\/td>\n<td>SMM R46<\/td>\n<td>30<\/td>\n<\/tr>\n<tr>\n<td>6<\/td>\n<td>055<\/td>\n<td>BULI\u0143SKI B\u0142a\u017cej<\/td>\n<td>A. Wielkopolski<\/td>\n<td>27<\/td>\n<\/tr>\n<tr>\n<td>7<\/td>\n<td>105<\/td>\n<td>KWASIBORSKI Krzesimir<\/td>\n<td>SMM R46<\/td>\n<td>26<\/td>\n<\/tr>\n<tr>\n<td>8<\/td>\n<td>005<\/td>\n<td>WI\u015aNIEWSKI Nikodem<\/td>\n<td>A. Leszczynski<\/td>\n<td>24<\/td>\n<\/tr>\n<tr>\n<td>9<\/td>\n<td>025<\/td>\n<td>SIADKOWSKI Krzysztof<\/td>\n<td>SMM R46<\/td>\n<td>23<\/td>\n<\/tr>\n<tr>\n<td>10<\/td>\n<td>095<\/td>\n<td>WI\u0118CEK Piotr<\/td>\n<td>A. Wielkopolski<\/td>\n<td>18<\/td>\n<\/tr>\n<tr>\n<td>11<\/td>\n<td>065<\/td>\n<td>WYSZOMIRSKI Jakub<\/td>\n<td>A. Rzemieslnik<\/td>\n<td>12<\/td>\n<\/tr>\n<tr>\n<td>12<\/td>\n<td>056<\/td>\n<td>BIGOS Anna<\/td>\n<td>A. Wielkopolski<\/td>\n<td>12<\/td>\n<\/tr>\n<\/tbody>\n<\/table>\n<\/figure>\n<h3>SEZON 2021<\/h3>\n<figure class=\"wp-block-table is-style-stripes\">\n<table>\n<thead>\n<tr>\n<th>Lp.<\/th>\n<th>Nr<\/th>\n<th>Nazwisko Imi\u0119<\/th>\n<th>Klub<\/th>\n<th>Pkt<\/th>\n<\/tr>\n<\/thead>\n<tbody>\n<tr>\n<td>1<\/td>\n<td>333<\/td>\n<td>WIERZBICKI Nikodem<\/td>\n<td>A. Wielkopolski<\/td>\n<td>190<\/td>\n<\/tr>\n<tr>\n<td>2<\/td>\n<td>075<\/td>\n<td>CZACZYK Konrad<\/td>\n<td>A. Wroc\u0142awski<\/td>\n<td>148<\/td>\n<\/tr>\n<tr>\n<td>3<\/td>\n<td>045<\/td>\n<td>CICHOPEK Jacek<\/td>\n<td>A. Wielkopolski<\/td>\n<td>127<\/td>\n<\/tr>\n<tr>\n<td>4<\/td>\n<td>125<\/td>\n<td>PALUSKO Bartosz<\/td>\n<td>A. Wielkopolski<\/td>\n<td>124<\/td>\n<\/tr>\n<tr>\n<td>5<\/td>\n<td>100<\/td>\n<td>GLASSE Jakub<\/td>\n<td>A. Wielkopolski<\/td>\n<td>99<\/td>\n<\/tr>\n<tr>\n<td>6<\/td>\n<td>065<\/td>\n<td>TUREK Przemys\u0142aw<\/td>\n<td>A. Jurajski<\/td>\n<td>70<\/td>\n<\/tr>\n<tr>\n<td>7<\/td>\n<td>115<\/td>\n<td>LACH Tomasz<\/td>\n<td>A. Wielkopolski<\/td>\n<td>42<\/td>\n<\/tr>\n<tr>\n<td>8<\/td>\n<td>015<\/td>\n<td>BOGUSZ Krzysztof<\/td>\n<td>A. Rzemie\u015blnik<\/td>\n<td>37<\/td>\n<\/tr>\n<tr>\n<td>9<\/td>\n<td>202<\/td>\n<td>KLIMEK Oskar<\/td>\n<td><\/td>\n<td>28<\/td>\n<\/tr>\n<tr>\n<td>10<\/td>\n<td>105<\/td>\n<td>\u010cERVENKA Jan<\/td>\n<td><\/td>\n<td>24<\/td>\n<\/tr>\n<tr>\n<td>11<\/td>\n<td>105<\/td>\n<td>SIADKOWSKI Krzysztof<\/td>\n<td>SMM R46<\/td>\n<td>20<\/td>\n<\/tr>\n<tr>\n<td>12<\/td>\n<td>135<\/td>\n<td>\u017bUCHOWSKI Mateusz<\/td>\n<td>A. Wielkopolski<\/td>\n<td>12<\/td>\n<\/tr>\n<tr>\n<td>13<\/td>\n<td>135<\/td>\n<td>KUCHNO Maciej<\/td>\n<td><\/td>\n<td>10<\/td>\n<\/tr>\n<tr>\n<td>14<\/td>\n<td>055<\/td>\n<td>SIADKOWSKI Marcin<\/td>\n<td>SMM R46<\/td>\n<td>2<\/td>\n<\/tr>\n<tr>\n<td>15<\/td>\n<td>095<\/td>\n<td>PILARCZYK Karolina<\/td>\n<td>A. Polski<\/td>\n<td>0<\/td>\n<\/tr>\n<\/tbody>\n<\/table>\n<\/figure>\n<h3>SEZON 2021<\/h3>\n<figure class=\"wp-block-table is-style-stripes\">\n<table>\n<thead>\n<tr>\n<th>Lp.<\/th>\n<th>Nr<\/th>\n<th>Nazwisko Imi\u0119<\/th>\n<th>Klub<\/th>\n<th>Pkt<\/th>\n<\/tr>\n<\/thead>\n<tbody>\n<tr>\n<td>1<\/td>\n<td>075<\/td>\n<td>RATAJCZAK Krzysztof<\/td>\n<td>A. Wielkopolski<\/td>\n<td>150<\/td>\n<\/tr>\n<tr>\n<td>2<\/td>\n<td>035<\/td>\n<td>FEDDER Marcin<\/td>\n<td>A. Wielkopolski<\/td>\n<td>102<\/td>\n<\/tr>\n<tr>\n<td>3<\/td>\n<td>045<\/td>\n<td>GRZYBOWSKI Grzegorz<\/td>\n<td>A. Wielkopolski<\/td>\n<td>58<\/td>\n<\/tr>\n<tr>\n<td>4<\/td>\n<td>055<\/td>\n<td>BY\u015aKINIEWICZ \u0141ukasz<\/td>\n<td>A. Polski<\/td>\n<td>33<\/td>\n<\/tr>\n<tr>\n<td>5<\/td>\n<td>015<\/td>\n<td>SIADKOWSKI Marcin<\/td>\n<td>SMM R46<\/td>\n<td>30<\/td>\n<\/tr>\n<tr>\n<td>6<\/td>\n<td>055<\/td>\n<td>BULI\u0143SKI B\u0142a\u017cej<\/td>\n<td>A. Wielkopolski<\/td>\n<td>27<\/td>\n<\/tr>\n<tr>\n<td>7<\/td>\n<td>105<\/td>\n<td>KWASIBORSKI Krzesimir<\/td>\n<td>SMM R46<\/td>\n<td>26<\/td>\n<\/tr>\n<tr>\n<td>8<\/td>\n<td>005<\/td>\n<td>WI\u015aNIEWSKI Nikodem<\/td>\n<td>A. Leszczynski<\/td>\n<td>24<\/td>\n<\/tr>\n<tr>\n<td>9<\/td>\n<td>025<\/td>\n<td>SIADKOWSKI Krzysztof<\/td>\n<td>SMM R46<\/td>\n<td>23<\/td>\n<\/tr>\n<tr>\n<td>10<\/td>\n<td>095<\/td>\n<td>WI\u0118CEK Piotr<\/td>\n<td>A. Wielkopolski<\/td>\n<td>18<\/td>\n<\/tr>\n<tr>\n<td>11<\/td>\n<td>065<\/td>\n<td>WYSZOMIRSKI Jakub<\/td>\n<td>A. Rzemieslnik<\/td>\n<td>12<\/td>\n<\/tr>\n<tr>\n<td>12<\/td>\n<td>056<\/td>\n<td>BIGOS Anna<\/td>\n<td>A. Wielkopolski<\/td>\n<td>12<\/td>\n<\/tr>\n<\/tbody>\n<\/table>\n<\/figure>\n            <\/div>\n        <\/div>\n    <\/div>\n<\/section>","protected":false},"excerpt":{"rendered":"","protected":false},"author":1,"featured_media":0,"parent":0,"menu_order":0,"comment_status":"closed","ping_status":"closed","template":"","meta":{"footnotes":""},"class_list":["post-77","page","type-page","status-publish","hentry"],"acf":[],"_links":{"self":[{"href":"https:\/\/grupaunitel.pl\/mx5cup\/wp-json\/wp\/v2\/pages\/77","targetHints":{"allow":["GET"]}}],"collection":[{"href":"https:\/\/grupaunitel.pl\/mx5cup\/wp-json\/wp\/v2\/pages"}],"about":[{"href":"https:\/\/grupaunitel.pl\/mx5cup\/wp-json\/wp\/v2\/types\/page"}],"author":[{"embeddable":true,"href":"https:\/\/grupaunitel.pl\/mx5cup\/wp-json\/wp\/v2\/users\/1"}],"replies":[{"embeddable":true,"href":"https:\/\/grupaunitel.pl\/mx5cup\/wp-json\/wp\/v2\/comments?post=77"}],"version-history":[{"count":0,"href":"https:\/\/grupaunitel.pl\/mx5cup\/wp-json\/wp\/v2\/pages\/77\/revisions"}],"wp:attachment":[{"href":"https:\/\/grupaunitel.pl\/mx5cup\/wp-json\/wp\/v2\/media?parent=77"}],"curies":[{"name":"wp","href":"https:\/\/api.w.org\/{rel}","templated":true}]}}